{"id":442,"date":"2024-11-18T19:54:28","date_gmt":"2024-11-18T19:54:28","guid":{"rendered":"http:\/\/elternverein-vs-mariatrost.at\/?page_id=442"},"modified":"2025-09-07T05:47:41","modified_gmt":"2025-09-07T05:47:41","slug":"links","status":"publish","type":"page","link":"https:\/\/elternverein-vs-mariatrost.at\/?page_id=442","title":{"rendered":"Links"},"content":{"rendered":"\n<p>Hier haben wir einige weiterf\u00fchrende Links zu spannenden Themen rund um den Schulalltag unserer Kinder zusammengetragen:<\/p>\n\n\n\n<p><\/p>\n\n\n\n<p class=\"has-tan-background-color has-background has-larger-font-size\"><strong>FAHRRADPR\u00dcFUNG<\/strong><\/p>\n\n\n\n<p><a href=\"https:\/\/radfahrpruefung.at\/\">https:\/\/radfahrpruefung.at\/<\/a> &#8211; Vorbereitung auf die Freiwillige Fahrradpr\u00fcfung<\/p>\n\n\n\n<p><a href=\"https:\/\/radfahrschule.easydrivers.at\/faq\/graz-anmeldung-fuer-eltern\">https:\/\/radfahrschule.easydrivers.at\/faq\/graz-anmeldung-fuer-eltern<\/a> &#8211; Anmeldung zum kostenlosen Fahrradtraining in Graz<\/p>\n\n\n\n<p>*<\/p>\n\n\n\n<p class=\"has-tan-background-color has-background has-larger-font-size\"><strong>SCHWIMMEN IN GRAZ<\/strong><\/p>\n\n\n\n<p>Die Stadt Graz bietet im Wintersemester wieder Schwimmkurse im Union Bad an. Die Anmeldung startet ab 18. September. Falls du Interesse hast, bitte schnell sein. Die Kurse sind schnell ausgebucht.<br> <a href=\"https:\/\/www.graz.at\/cms\/beitrag\/10315776\/7745871\/\" data-type=\"link\" data-id=\"https:\/\/www.graz.at\/cms\/beitrag\/10315776\/7745871\/\">https:\/\/www.graz.at\/cms\/beitrag\/10315776\/7745871\/<\/a><\/p>\n\n\n\n<p>*<\/p>\n\n\n\n<p class=\"has-tan-background-color has-background has-larger-font-size\"><strong>SCHULISCHE FERIENBETREUUNG IN GRAZ<\/strong><\/p>\n\n\n\n<p>F\u00fcr Kinder, die w\u00e4hrend des Schuljahres die Nachmittagsbetreuung einer st\u00e4dtischen Pflichtschule besuchen, bietet die St\u00e4dtische Tagesbetreuung Graz GmbH an mehreren Schulen eine\u00a0<strong>Ferienbetreuung\u00a0<\/strong>w\u00e4hrend der Herbst-, Weihnachts-, Semester-, Oster- und Sommerferien an.<br><a href=\"https:\/\/www.graz.at\/cms\/beitrag\/10312001\/7745020\/\">https:\/\/www.graz.at\/cms\/beitrag\/10312001\/7745020\/<\/a> <\/p>\n\n\n\n<p>*<\/p>\n\n\n\n<p class=\"has-tan-background-color has-background has-larger-font-size\"><strong>WEITERF\u00dcHRENDE SCHULEN <\/strong>&#8211; S-BIM-Info<\/p>\n\n\n\n<p>Vom 16. &#8211; 18. Oktober 2025 findet wieder die S-Bim in Graz statt. Von 9 bis 17 Uhr sind die Tore der Halle A der Messe Graz offen. NUR am Freitag und Samstag (17. und 18. Oktober) gibt es auch den <strong>SCHWERPUNKT Schulstadt Graz (10+) \u201cWohin nach der Volksschule?\u201d<\/strong> Dort stellen sich sehr viele weiterf\u00fchrende Schulen (Gymnasien) vor.<\/p>\n","protected":false},"excerpt":{"rendered":"<p>Hier haben wir einige weiterf\u00fchrende Links zu spannenden Themen rund um den Schulalltag unserer Kinder zusammengetragen: FAHRRADPR\u00dcFUNG https:\/\/radfahrpruefung.at\/ &#8211; Vorbereitung auf die Freiwillige Fahrradpr\u00fcfung https:\/\/radfahrschule.easydrivers.at\/faq\/graz-anmeldung-fuer-eltern [&hellip;]<\/p>\n","protected":false},"author":1,"featured_media":0,"parent":400,"menu_order":0,"comment_status":"closed","ping_status":"closed","template":"","meta":{"footnotes":""},"_links":{"self":[{"href":"https:\/\/elternverein-vs-mariatrost.at\/index.php?rest_route=\/wp\/v2\/pages\/442"}],"collection":[{"href":"https:\/\/elternverein-vs-mariatrost.at\/index.php?rest_route=\/wp\/v2\/pages"}],"about":[{"href":"https:\/\/elternverein-vs-mariatrost.at\/index.php?rest_route=\/wp\/v2\/types\/page"}],"author":[{"embeddable":true,"href":"https:\/\/elternverein-vs-mariatrost.at\/index.php?rest_route=\/wp\/v2\/users\/1"}],"replies":[{"embeddable":true,"href":"https:\/\/elternverein-vs-mariatrost.at\/index.php?rest_route=%2Fwp%2Fv2%2Fcomments&post=442"}],"version-history":[{"count":9,"href":"https:\/\/elternverein-vs-mariatrost.at\/index.php?rest_route=\/wp\/v2\/pages\/442\/revisions"}],"predecessor-version":[{"id":467,"href":"https:\/\/elternverein-vs-mariatrost.at\/index.php?rest_route=\/wp\/v2\/pages\/442\/revisions\/467"}],"up":[{"embeddable":true,"href":"https:\/\/elternverein-vs-mariatrost.at\/index.php?rest_route=\/wp\/v2\/pages\/400"}],"wp:attachment":[{"href":"https:\/\/elternverein-vs-mariatrost.at\/index.php?rest_route=%2Fwp%2Fv2%2Fmedia&parent=442"}],"curies":[{"name":"wp","href":"https:\/\/api.w.org\/{rel}","templated":true}]}}