{"id":374,"date":"2023-09-30T09:13:10","date_gmt":"2023-09-30T09:13:10","guid":{"rendered":"http:\/\/elternverein-vs-mariatrost.at\/?page_id=374"},"modified":"2023-09-30T09:23:24","modified_gmt":"2023-09-30T09:23:24","slug":"kontakt","status":"publish","type":"page","link":"https:\/\/elternverein-vs-mariatrost.at\/?page_id=374","title":{"rendered":"KONTAKT"},"content":{"rendered":"\n<p>Wir stehen Ihnen gerne f\u00fcr Ihre Anliegen zur Verf\u00fcgung.<\/p>\n\n\n\n<p>Am einfachsten erreichen Sie uns unter info@elternverein-vs-mariatrost.<\/p>\n\n\n\n<p>Wir bem\u00fchen uns so rasch wie m\u00f6glich auf Ihre E-Mail zu reagieren. Bitte geben Sie uns einen Tag Zeit. <\/p>\n","protected":false},"excerpt":{"rendered":"<p>Wir stehen Ihnen gerne f\u00fcr Ihre Anliegen zur Verf\u00fcgung. Am einfachsten erreichen Sie uns unter info@elternverein-vs-mariatrost. Wir bem\u00fchen uns so rasch wie m\u00f6glich auf Ihre [&hellip;]<\/p>\n","protected":false},"author":1,"featured_media":0,"parent":0,"menu_order":0,"comment_status":"closed","ping_status":"closed","template":"","meta":{"footnotes":""},"_links":{"self":[{"href":"https:\/\/elternverein-vs-mariatrost.at\/index.php?rest_route=\/wp\/v2\/pages\/374"}],"collection":[{"href":"https:\/\/elternverein-vs-mariatrost.at\/index.php?rest_route=\/wp\/v2\/pages"}],"about":[{"href":"https:\/\/elternverein-vs-mariatrost.at\/index.php?rest_route=\/wp\/v2\/types\/page"}],"author":[{"embeddable":true,"href":"https:\/\/elternverein-vs-mariatrost.at\/index.php?rest_route=\/wp\/v2\/users\/1"}],"replies":[{"embeddable":true,"href":"https:\/\/elternverein-vs-mariatrost.at\/index.php?rest_route=%2Fwp%2Fv2%2Fcomments&post=374"}],"version-history":[{"count":2,"href":"https:\/\/elternverein-vs-mariatrost.at\/index.php?rest_route=\/wp\/v2\/pages\/374\/revisions"}],"predecessor-version":[{"id":390,"href":"https:\/\/elternverein-vs-mariatrost.at\/index.php?rest_route=\/wp\/v2\/pages\/374\/revisions\/390"}],"wp:attachment":[{"href":"https:\/\/elternverein-vs-mariatrost.at\/index.php?rest_route=%2Fwp%2Fv2%2Fmedia&parent=374"}],"curies":[{"name":"wp","href":"https:\/\/api.w.org\/{rel}","templated":true}]}}