{"id":359,"date":"2023-04-17T17:53:21","date_gmt":"2023-04-17T17:53:21","guid":{"rendered":"http:\/\/elternverein-vs-mariatrost.at\/?page_id=359"},"modified":"2025-09-07T05:21:56","modified_gmt":"2025-09-07T05:21:56","slug":"der-elternverein-stellt-sich-vor","status":"publish","type":"page","link":"https:\/\/elternverein-vs-mariatrost.at\/?page_id=359","title":{"rendered":"Der Elternverein stellt sich vor"},"content":{"rendered":"\n<h3 class=\"wp-block-heading\">Team<\/h3>\n\n\n\n<p>Der Elternverein Volksschule Maria Trost ist ein privater und unabh\u00e4ngiger Verein. Die T\u00e4tigkeiten der Elterninitiative sind&nbsp;<strong>nicht&nbsp;<\/strong>auf Gewinn ausgerichtet. Die Gesch\u00e4fte des Elternvereins \u00fcbernimmt der gew\u00e4hlte Vorstand. Dieser wird auf der&nbsp;<strong>j\u00e4hrlich&nbsp;<\/strong>stattfindenden Jahreshauptversammlung gew\u00e4hlt. Die Amtsperiode des Vorstandes betr\u00e4gt ein Jahr. Der Vorstand setzt sich aus 6 freiwilligen Mitgliedern zusammen und zwar dem Obmann\/Obfrau, Kassier, Schriftf\u00fchrer und deren StellvertreterInnen. Zum erweiterten Vorstand geh\u00f6ren auch die beiden Rechnungspr\u00fcferInnen und Sport.<br>&nbsp;<\/p>\n\n\n\n<p>Der aktuelle Vorstand des Elternvereins (Schuljahr 2024\/2025):<\/p>\n\n\n\n<ul>\n<li>Obfrau: Daniela Wolf<\/li>\n\n\n\n<li>Obfrau-Stellvertretung: Heike Knausz-Kuttner<\/li>\n\n\n\n<li>Schriftf\u00fchrer: Kristina H\u00fctter<\/li>\n\n\n\n<li>Schriftf\u00fchrer-Stellvertretung: Andrea Pa\u00dfler<\/li>\n\n\n\n<li>Kassier: Julia Hei\u00dfenberger<\/li>\n\n\n\n<li>Kassier-Stellvertretung: Gerald Fischer<\/li>\n\n\n\n<li>Rechnungspr\u00fcfer: Felix Egger-Cimenti<\/li>\n\n\n\n<li>Rechnungspr\u00fcfer-Stellvertretung: Michael Wolf<\/li>\n\n\n\n<li>Sportkoordinatorin: Meral Oba<\/li>\n\n\n\n<li>Website-Verantwortung: Daniela Wolf<\/li>\n\n\n\n<li>Schikurs-Koordinatorin: Karin Leber<\/li>\n<\/ul>\n\n\n\n<h3 class=\"wp-block-heading\">Mitgliedschaft<\/h3>\n\n\n\n<p>Mitglied im Elternverein k\u00f6nnen alle Obsorgeberichtigten der Sch\u00fcler:innen der Volksschule Maria Trost werden. Der Erwerb der Mitgliedschaft erfolgt durch die Einzahlung des festgesetzten Mitgliedsbeitrages und erlischt<strong>\u00a0nach Austritt des Kindes von der Schule bzw. nach ausdr\u00fccklichem schriftlichen Wunsch zum Austritt<\/strong> \u00b4durch die jeweilige Familie. Der Mitgliedsbeitrag betr\u00e4gt\u00a0<strong>pro Familie 20,00 Euro<\/strong>\u00a0im Jahr.<\/p>\n\n\n\n<h3 class=\"wp-block-heading\">Aufgaben<\/h3>\n\n\n\n<p>Der Elternverein VS Maria Trost ist bem\u00fcht, seine Mitglieder durch finanzielle Subventionen, durch Informationen, aber vor allem durch aktive Mitarbeit zu unterst\u00fctzen. Im Vordergrund stehen Veranstaltungen wie etwa das Kennenlern-, das Sommerfest und der Weihnachtsbazar. Diese sozialen Anl\u00e4sse erm\u00f6glichen es, dass sich Eltern und Kinder einander au\u00dferhalb des Lehrplans kennenlernen und austauschen k\u00f6nnen. <\/p>\n\n\n\n<ul>\n<li>Der Elternverein hilft bei der Organisation von Veranstaltungen, bei welchen sich die Eltern der Kinder an der Schule n\u00e4her kennenlernen und austauschen k\u00f6nnen. (Bei diesen Anl\u00e4ssen sind es immer die Eltern selbst, die sich auf freiwilliger Basis tatkr\u00e4ftig um das leibliche Wohl sorgen \u2013 DANKE).&nbsp;<\/li>\n\n\n\n<li>Der Elternverein organisiert auch zus\u00e4tzliche Veranstaltungen f\u00fcr die Kinder &#8211; oft am Nachmittag-, welche die mittlerweile voll ausgelastete Nachmittagsbetreuung der Kinder mit vielf\u00e4ltigen Sportangeboten erweitert und entlastet.&nbsp;<\/li>\n\n\n\n<li>Nicht zuletzt k\u00f6nnen wir manchmal beratend \u2013 oder vermittelnd \u2013 in Schulfragen zur Seite stehen.<\/li>\n<\/ul>\n\n\n\n<h3 class=\"wp-block-heading\">Unterst\u00fctzungen<\/h3>\n\n\n\n<p>Der Elternverein finanziert &#8211; wo er kann &#8211; schulische Anschaffungen (Ger\u00e4te, Ausstattungen, Spielger\u00e4te etc.) und unterst\u00fctzt regelm\u00e4ssig bed\u00fcrftige Sch\u00fcler:innen. Und erm\u00f6glicht ihnen so die Teilnahme an Veranstaltungen, die mit Kosten verbunden sind, z.B. an Ausfl\u00fcgen, Skikursen, Schulprojekten, Klassenbeitr\u00e4ge etc.. <\/p>\n\n\n\n<p>Ob und wie stark ein Bedarf gegeben ist, wird grunds\u00e4tzlich in R\u00fccksprache mit den Klassenlehrer:innen und der Schulleitung ermessen.<\/p>\n\n\n\n<h3 class=\"wp-block-heading\">KlassenelternvertreterInnen<\/h3>\n\n\n\n<p>Die KlassenelternvertreterInnen unterst\u00fctzen den Elternverein und den Klassenvorstand bei der Informationsweitergabe an die Eltern. Des Weiteren sind sie der erste Ansprechpartner der Eltern innerhalb ihrer Klasse. Sie teilen dem Elternverein oder der Schulleitung Anliegen von allgemeinem Interesse der jeweiligen Klasse mit.<\/p>\n\n\n\n<h3 class=\"wp-block-heading\">Sommerfest<\/h3>\n\n\n\n<p>Die Elterninitiative und die Eltern der Schulkinder helfen bei der Organisation des Sommerfests tatkr\u00e4ftig mit. Der gesamte Gewinn bildet &#8211; neben den Mitgliedsbeitr\u00e4gen &#8211; die wesentliche Grundlage f\u00fcr das laufende Budget des Vereins.<\/p>\n\n\n\n<p>Kontakt: info@elternverein-vs-mariatrost.at<\/p>\n\n\n\n<p><a href=\"http:\/\/elternverein-vs-mariatrost.at\/?p=275\">Vereinsstatuten<\/a><\/p>\n","protected":false},"excerpt":{"rendered":"<p>Team Der Elternverein Volksschule Maria Trost ist ein privater und unabh\u00e4ngiger Verein. Die T\u00e4tigkeiten der Elterninitiative sind&nbsp;nicht&nbsp;auf Gewinn ausgerichtet. Die Gesch\u00e4fte des Elternvereins \u00fcbernimmt der [&hellip;]<\/p>\n","protected":false},"author":1,"featured_media":372,"parent":0,"menu_order":0,"comment_status":"closed","ping_status":"closed","template":"","meta":{"footnotes":""},"_links":{"self":[{"href":"https:\/\/elternverein-vs-mariatrost.at\/index.php?rest_route=\/wp\/v2\/pages\/359"}],"collection":[{"href":"https:\/\/elternverein-vs-mariatrost.at\/index.php?rest_route=\/wp\/v2\/pages"}],"about":[{"href":"https:\/\/elternverein-vs-mariatrost.at\/index.php?rest_route=\/wp\/v2\/types\/page"}],"author":[{"embeddable":true,"href":"https:\/\/elternverein-vs-mariatrost.at\/index.php?rest_route=\/wp\/v2\/users\/1"}],"replies":[{"embeddable":true,"href":"https:\/\/elternverein-vs-mariatrost.at\/index.php?rest_route=%2Fwp%2Fv2%2Fcomments&post=359"}],"version-history":[{"count":7,"href":"https:\/\/elternverein-vs-mariatrost.at\/index.php?rest_route=\/wp\/v2\/pages\/359\/revisions"}],"predecessor-version":[{"id":460,"href":"https:\/\/elternverein-vs-mariatrost.at\/index.php?rest_route=\/wp\/v2\/pages\/359\/revisions\/460"}],"wp:featuredmedia":[{"embeddable":true,"href":"https:\/\/elternverein-vs-mariatrost.at\/index.php?rest_route=\/wp\/v2\/media\/372"}],"wp:attachment":[{"href":"https:\/\/elternverein-vs-mariatrost.at\/index.php?rest_route=%2Fwp%2Fv2%2Fmedia&parent=359"}],"curies":[{"name":"wp","href":"https:\/\/api.w.org\/{rel}","templated":true}]}}